{"id":1520,"date":"2017-03-08T07:18:04","date_gmt":"2017-03-08T07:18:04","guid":{"rendered":"https:\/\/smartdata.tonytemplates.com\/car-repair-service-v4-services\/?page_id=2"},"modified":"2023-08-29T07:22:10","modified_gmt":"2023-08-29T05:22:10","slug":"about-us","status":"publish","type":"page","link":"https:\/\/injectoare-turbo.ro\/?page_id=1520","title":{"rendered":"Despre noi"},"content":{"rendered":"\t\t<div data-elementor-type=\"wp-page\" data-elementor-id=\"1520\" class=\"elementor elementor-1520\" data-elementor-post-type=\"page\">\n\t\t\t\t\t\t\t\t\t<section class=\"elementor-section elementor-top-section elementor-element elementor-element-cef3218 elementor-section-stretched elementor-section-full_width elementor-section-height-default elementor-section-height-default\" data-id=\"cef3218\" data-element_type=\"section\" data-settings=\"{&quot;stretch_section&quot;:&quot;section-stretched&quot;}\">\n\t\t\t\t\t\t<div class=\"elementor-container elementor-column-gap-no\">\n\t\t\t\t\t<div class=\"elementor-column elementor-col-100 elementor-top-column elementor-element elementor-element-45c630c\" data-id=\"45c630c\" data-element_type=\"column\">\n\t\t\t<div class=\"elementor-widget-wrap elementor-element-populated\">\n\t\t\t\t\t\t\t\t<div class=\"elementor-element elementor-element-349161e elementor-widget elementor-widget-about_us_1\" data-id=\"349161e\" data-element_type=\"widget\" data-widget_type=\"about_us_1.default\">\n\t\t\t\t<div class=\"elementor-widget-container\">\n\t\t\t\n\t\t<div class=\"block\">\n\t\t\t<div class=\"container no-indent\">\n\t\t\t\t<div class=\"wrapper-parallax-left02\">\n\t\t\t\t\t<div class=\"col-img\">\n\t\t\t\t\t\t<img width=\"359\" height=\"301\" src=\"https:\/\/injectoare-turbo.ro\/wp-content\/uploads\/2023\/07\/turbine.png\" class=\"attachment-full size-full\" alt=\"\" decoding=\"async\" loading=\"lazy\" \/>\t\t\t\t\t<\/div>\n\t\t\t\t\t<div class=\"col-description\">\n\t\t\t\t\t\t<div class=\"block-title text-left\">\n\t\t\t\t\t\t\t<h3 class=\"block-title__title\">\n\t\t\t\t\t\t\t<span class=\"color\">Lucr\u0103m \u00een domeniu<\/span> de 10 ani\t\t\t\t\t\t\t<\/h3>\n\t\t\t\t\t\t\t<div class=\"title-separator\"><\/div>\n\t\t\t\t\t\t<\/div>\n\t\t\t\t\t\t<p>Sunt un specialist \u00een domeniul recondi\u021bion\u0103rii de injectoare \u0219i turbine auto, cu peste 10 ani de experien\u021b\u0103 \u00een acest domeniu. Am lucrat la diferite tipuri de ma\u0219ini, de la cele mai simple la cele mai complexe, folosind echipamente moderne \u0219i tehnici avansate. Am o pasiune pentru mecanic\u0103 \u0219i \u00eemi place s\u0103 rezolv provoc\u0103rile pe care le \u00eent\u00e2mpin \u00een activitatea mea.<\/p><p>\u00a0<\/p>\t\t\t\t\t<\/div>\n\t\t\t\t<\/div>\n\t\t\t\t<div class=\"divider-md\"><\/div>\n\t\t\t\t<div class=\"row\">\n\t\t\t\t\t\t\t\t\t<div class=\"col-md-4\">\n\t\t\t\t\t\t<h6 class=\"subtitle\"><\/h6>\n\t\t\t\t\t\t\t\t\t\t\t<\/div>\n\t\t\t\t\t\t\t\t\t\t\t\t\t\t<\/div>\n\t\t\t<\/div>\n\t\t<\/div>\n\t\t\t\t<\/div>\n\t\t\t\t<\/div>\n\t\t\t\t\t<\/div>\n\t\t<\/div>\n\t\t\t\t\t\t\t<\/div>\n\t\t<\/section>\n\t\t\t\t<section class=\"elementor-section elementor-top-section elementor-element elementor-element-f5a0648 elementor-section-stretched elementor-section-full_width elementor-section-height-default elementor-section-height-default\" data-id=\"f5a0648\" data-element_type=\"section\" data-settings=\"{&quot;stretch_section&quot;:&quot;section-stretched&quot;}\">\n\t\t\t\t\t\t<div class=\"elementor-container elementor-column-gap-no\">\n\t\t\t\t\t<div class=\"elementor-column elementor-col-100 elementor-top-column elementor-element elementor-element-992ef6c\" data-id=\"992ef6c\" data-element_type=\"column\">\n\t\t\t<div class=\"elementor-widget-wrap elementor-element-populated\">\n\t\t\t\t\t\t\t\t<div class=\"elementor-element elementor-element-983111a elementor-widget elementor-widget-advantages_our_services\" data-id=\"983111a\" data-element_type=\"widget\" data-widget_type=\"advantages_our_services.default\">\n\t\t\t\t<div class=\"elementor-widget-container\">\n\t\t\t\t\t\t<div class=\"block position-relative overflow-hidden\">\n\t\t\t\t<div class=\"container-fluid no-gutters\">\n\t\t\t\t\t<div class=\"services-item-wrapper\">\n\t\t\t\t\t\t<div class=\"section__text-background text-color03 text-center\">Advantages<\/div>\n\t\t\t\t\t\t<div class=\"services-item\">\n\t\t\t\t\t\t\t<div class=\"services-title\">\n\t\t\t\t\t\t\t\t<h2 class=\"services-title__title\">Avantajele <br> <span class=\"color\">\n\nserviciului nostru<\/span><\/h2>\n\t\t\t\t\t\t\t\t<div class=\"title-separator\"><\/div>\n\t\t\t\t\t\t\t<\/div>\n\t\t\t\t\t\t\t<p>\n\t\t\t\t\t\t\tCosturi mult mai mici la parametrii de fabric\u0103\t\t\t\t\t\t\t<\/p>\n\t\t\t\t\t\t\t\t\t\t\t\t\t\t<a href=\"#\" data-toggle=\"modal\" data-target=\"#appointmentForm\" class=\"btn btn-border btn-top\"><span>Programare<\/span><\/a>\n\t\t\t\t\t\t\t\t\t\t\t\t\t<\/div>\n\t\t\t\t\t\t\t\t\t\t\t\t\t\t\t\t\t\n\t\t\t\t\t\t<div class=\"services-item services-bg-01\">\n\t\t\t\t\t\t\t<div class=\"services-box\">\n\t\t\t\t\t\t\t\t<div class=\"services-box__icon\">\n\t\t\t\t\t\t\t\t\t<span class=\" icon-271045\"><\/span>\n\t\t\t\t\t\t\t\t<\/div>\n\t\t\t\t\t\t\t\t<h6 class=\"services-box__title\">\n\t\t\t\t\t\t\t\tServiciu orientat c\u0103tre client\t\t\t\t\t\t\t\t<\/h6>\n\t\t\t\t\t\t\t\t<p>\n\t\t\t\t\t\t\t\tServiciul orientat c\u0103tre client presupune s\u0103 ascul\u021bi nevoile \u0219i dorin\u021bele clien\u021bilor, s\u0103 le oferi solu\u021bii adecvate \u0219i personalizate, s\u0103 le tratezi cu respect \u0219i profesionalism. Serviciul orientat c\u0103tre client nu este doar o sarcin\u0103, ci o atitudine care reflect\u0103 valorile \u0219i viziunea afacerii noastre.\t\t\t\t\t\t\t\t<\/p>\n\t\t\t\t\t\t\t<\/div>\n\t\t\t\t\t\t<\/div>\n\t\t\t\t\t\t\t\t\t\t\t\t\t\t\t\t\t\t\t\n\t\t\t\t\t\t<div class=\"services-item services-bg-02\">\n\t\t\t\t\t\t\t<div class=\"services-box\">\n\t\t\t\t\t\t\t\t<div class=\"services-box__icon\">\n\t\t\t\t\t\t\t\t\t<span class=\" icon-808728\"><\/span>\n\t\t\t\t\t\t\t\t<\/div>\n\t\t\t\t\t\t\t\t<h6 class=\"services-box__title\">\n\t\t\t\t\t\t\t\tPreturi accesibile\t\t\t\t\t\t\t\t<\/h6>\n\t\t\t\t\t\t\t\t<p>\n\t\t\t\t\t\t\t\tLa noi, g\u0103si\u021bi produse de calitate la pre\u021buri accesibile. Suntem o companie cu experien\u021b\u0103 \u0219i reputa\u021bie \u00een domeniul nostru, care v\u0103 ofer\u0103 solu\u021bii personalizate pentru nevoile dumneavoastr\u0103. Nu ezita\u021bi s\u0103 ne contacta\u021bi pentru a beneficia de ofertele noastre\t\t\t\t\t\t\t\t<\/p>\n\t\t\t\t\t\t\t<\/div>\n\t\t\t\t\t\t<\/div>\n\t\t\t\t\t\t\t\t\t\t\t\t\t\t\t\t\t\t\t\n\t\t\t\t\t\t<div class=\"services-item services-bg-03\">\n\t\t\t\t\t\t\t<div class=\"services-box\">\n\t\t\t\t\t\t\t\t<div class=\"services-box__icon\">\n\t\t\t\t\t\t\t\t\t<span class=\" icon-598823\"><\/span>\n\t\t\t\t\t\t\t\t<\/div>\n\t\t\t\t\t\t\t\t<h6 class=\"services-box__title\">\n\t\t\t\t\t\t\t\tLucrare de calitate\t\t\t\t\t\t\t\t<\/h6>\n\t\t\t\t\t\t\t\t<p>\n\t\t\t\t\t\t\t\tRecondi\u021bionarea injectoarelor auto este un serviciu important pentru men\u021binerea performan\u021bei \u0219i a siguran\u021bei ma\u0219inii. De aceea, este recomandat s\u0103 apelezi la un service auto profesional care s\u0103 \u00ee\u021bi ofere recondi\u021bion\u0103ri injectore auto de calitate, folosind echipamente moderne \u0219i piese de schimb originale. Astfel, vei beneficia de o ma\u0219in\u0103 mai eficient\u0103, mai ecologic\u0103 \u0219i mai fiabil\u0103.\t\t\t\t\t\t\t\t<\/p>\n\t\t\t\t\t\t\t<\/div>\n\t\t\t\t\t\t<\/div>\n\t\t\t\t\t\t\t\t\t\t\t\t\t<\/div>\n\t\t\t\t<\/div>\n\t\t\t<\/div>\n\n\t\t\t\t<\/div>\n\t\t\t\t<\/div>\n\t\t\t\t\t<\/div>\n\t\t<\/div>\n\t\t\t\t\t\t\t<\/div>\n\t\t<\/section>\n\t\t\t\t<section class=\"elementor-section elementor-top-section elementor-element elementor-element-a558aa9 elementor-section-stretched elementor-section-full_width elementor-section-height-default elementor-section-height-default\" data-id=\"a558aa9\" data-element_type=\"section\" data-settings=\"{&quot;stretch_section&quot;:&quot;section-stretched&quot;}\">\n\t\t\t\t\t\t<div class=\"elementor-container elementor-column-gap-default\">\n\t\t\t\t\t<div class=\"elementor-column elementor-col-100 elementor-top-column elementor-element elementor-element-fd9851e\" data-id=\"fd9851e\" data-element_type=\"column\">\n\t\t\t<div class=\"elementor-widget-wrap elementor-element-populated\">\n\t\t\t\t\t\t\t\t<div class=\"elementor-element elementor-element-3ee1e0c elementor-widget elementor-widget-service_gallery\" data-id=\"3ee1e0c\" data-element_type=\"widget\" data-settings=\"{&quot;slides_to_show&quot;:4,&quot;slides_to_scroll&quot;:1,&quot;autoplay_speed&quot;:4000}\" data-widget_type=\"service_gallery.default\">\n\t\t\t\t<div class=\"elementor-widget-container\">\n\t\t\t\n\t\t<div class=\"block\">\n\t\t\t<div class=\"block-title\">\n\t\t\t\t<h2 class=\"block-title__title\">Poze <span class=\"color\">echipamente<\/span><\/h2>\n\t\t\t\t<div class=\"block-title__description\">\n\t\t\t\t\t\t\t\t<\/div>\n\t\t\t<\/div>\n\t\t\t<div class=\"js-slick-init service-gallery-carousel slick-style01\" data-slick='{\n\t\t\t\t\"slidesToShow\": 4, \n\t\t\t\t\"slidesToScroll\": 1,\n\t\t\t\t\"dots\": true,\n\t\t\t\t\"arrows\": false,\n\t\t\t\t\"autoplay\": true,\n\t\t\t\t\"autoplaySpeed\": 4000,\n\t\t\t\t\"responsive\":[{\"breakpoint\": 992,\"settings\":{\"slidesToShow\": 3}}, {\"breakpoint\": 576,\"settings\":{\"slidesToShow\": 2}}]}'>\n\t\t\t\t\t\t\t\t\t\n\t\t\t\t<div class=\"item\">\n\t\t\t\t\t<a href=\"https:\/\/injectoare-turbo.ro\/wp-content\/uploads\/2023\/07\/2021-02-26.jpg\" class=\"popup-img\">\n\t\t\t\t\t<img width=\"3840\" height=\"5120\" src=\"https:\/\/injectoare-turbo.ro\/wp-content\/uploads\/2023\/07\/2021-02-26.jpg\" class=\"attachment-full size-full\" alt=\"\" decoding=\"async\" loading=\"lazy\" \/>\t\t\t\t\t<\/a>\n\t\t\t\t<\/div>\n\t\t\t\t\t\t\t\t\t\t\t\n\t\t\t\t<div class=\"item\">\n\t\t\t\t\t<a href=\"https:\/\/injectoare-turbo.ro\/wp-content\/uploads\/2023\/07\/2021-02-26-1.jpg\" class=\"popup-img\">\n\t\t\t\t\t<img width=\"3840\" height=\"5120\" src=\"https:\/\/injectoare-turbo.ro\/wp-content\/uploads\/2023\/07\/2021-02-26-1.jpg\" class=\"attachment-full size-full\" alt=\"\" decoding=\"async\" loading=\"lazy\" \/>\t\t\t\t\t<\/a>\n\t\t\t\t<\/div>\n\t\t\t\t\t\t\t\t\t\t\t\n\t\t\t\t<div class=\"item\">\n\t\t\t\t\t<a href=\"https:\/\/injectoare-turbo.ro\/wp-content\/uploads\/2023\/07\/2021-02-26-2.jpg\" class=\"popup-img\">\n\t\t\t\t\t<img width=\"5120\" height=\"3840\" src=\"https:\/\/injectoare-turbo.ro\/wp-content\/uploads\/2023\/07\/2021-02-26-2.jpg\" class=\"attachment-full size-full\" alt=\"\" decoding=\"async\" loading=\"lazy\" \/>\t\t\t\t\t<\/a>\n\t\t\t\t<\/div>\n\t\t\t\t\t\t\t\t\t\t\t\n\t\t\t\t<div class=\"item\">\n\t\t\t\t\t<a href=\"https:\/\/injectoare-turbo.ro\/wp-content\/uploads\/2020\/03\/slider1.jpg\" class=\"popup-img\">\n\t\t\t\t\t<img width=\"1920\" height=\"870\" src=\"https:\/\/injectoare-turbo.ro\/wp-content\/uploads\/2020\/03\/slider1.jpg\" class=\"attachment-full size-full\" alt=\"\" decoding=\"async\" loading=\"lazy\" \/>\t\t\t\t\t<\/a>\n\t\t\t\t<\/div>\n\t\t\t\t\t\t\t\t   \n\t\t\t<\/div>\n\t\t<\/div>\n\t\t\t\t<\/div>\n\t\t\t\t<\/div>\n\t\t\t\t\t<\/div>\n\t\t<\/div>\n\t\t\t\t\t\t\t<\/div>\n\t\t<\/section>\n\t\t\t\t<section class=\"elementor-section elementor-top-section elementor-element elementor-element-334dec0 elementor-section-stretched elementor-section-full_width elementor-section-height-default elementor-section-height-default\" data-id=\"334dec0\" data-element_type=\"section\" data-settings=\"{&quot;stretch_section&quot;:&quot;section-stretched&quot;}\">\n\t\t\t\t\t\t<div class=\"elementor-container elementor-column-gap-no\">\n\t\t\t\t\t<div class=\"elementor-column elementor-col-100 elementor-top-column elementor-element elementor-element-5d1a577\" data-id=\"5d1a577\" data-element_type=\"column\">\n\t\t\t<div class=\"elementor-widget-wrap elementor-element-populated\">\n\t\t\t\t\t\t\t\t<div class=\"elementor-element elementor-element-a37abd9 elementor-widget elementor-widget-appointment_schedule\" data-id=\"a37abd9\" data-element_type=\"widget\" data-widget_type=\"appointment_schedule.default\">\n\t\t\t\t<div class=\"elementor-widget-container\">\n\t\t\t\t\t\t<div class=\"block position-relative overflow-hidden \">\n  <div class=\"section__text-background text-color02 text-center text-background__center\">\n\t\t\tEuro Injectoare<\/div>\n  <div class=\"text-center\">\n\t<h2 class=\"h-lg\">Motorul nu func\u021bioneaz\u0103 cum trebuie? <span class=\"color\">Noi \u00eel repar\u0103m<\/span><\/h2>\n\t<p class=\"info\">Avem ca scop recondi\u021bionarea injectoarelor de utiaje, camioane sau autoturisme, pompe de injec\u021bie \u0219i a unei game mari de turbine\n<\/p>\n\t<h2 class=\"h-phone\"><a class=\"cmsmasters-icon-custom-new-phone\" href=\"tel:0741055915\">0741 055 915<\/a> <\/h2>\n\t<div class=\"btn-inline\">\n\t\t\t\t  <a class=\"btn btn-border btn-invert btn-wide\" href=\"#\" data-toggle=\"modal\"\n\t\tdata-target=\"#appointmentForm\"><span>Programare<\/span><\/a>\n\t  \t<\/div>\n  <\/div>\n<\/div>\n\n\t\t\t\t\t<\/div>\n\t\t\t\t<\/div>\n\t\t\t\t\t<\/div>\n\t\t<\/div>\n\t\t\t\t\t\t\t<\/div>\n\t\t<\/section>\n\t\t\t\t\t\t\t<\/div>\n\t\t","protected":false},"excerpt":{"rendered":"<p>Lucr\u0103m \u00een domeniu de 10 ani Sunt un specialist \u00een domeniul recondi\u021bion\u0103rii de injectoare \u0219i turbine auto, cu peste 10 ani de experien\u021b\u0103 \u00een acest domeniu. Am lucrat la diferite tipuri de ma\u0219ini, de la cele mai simple la cele mai complexe, folosind echipamente moderne \u0219i tehnici avansate. Am o pasiune pentru mecanic\u0103 \u0219i \u00eemi [&hellip;]<\/p>\n","protected":false},"author":1,"featured_media":0,"parent":0,"menu_order":0,"comment_status":"closed","ping_status":"closed","template":"","meta":[],"_links":{"self":[{"href":"https:\/\/injectoare-turbo.ro\/index.php?rest_route=\/wp\/v2\/pages\/1520"}],"collection":[{"href":"https:\/\/injectoare-turbo.ro\/index.php?rest_route=\/wp\/v2\/pages"}],"about":[{"href":"https:\/\/injectoare-turbo.ro\/index.php?rest_route=\/wp\/v2\/types\/page"}],"author":[{"embeddable":true,"href":"https:\/\/injectoare-turbo.ro\/index.php?rest_route=\/wp\/v2\/users\/1"}],"replies":[{"embeddable":true,"href":"https:\/\/injectoare-turbo.ro\/index.php?rest_route=%2Fwp%2Fv2%2Fcomments&post=1520"}],"version-history":[{"count":16,"href":"https:\/\/injectoare-turbo.ro\/index.php?rest_route=\/wp\/v2\/pages\/1520\/revisions"}],"predecessor-version":[{"id":3355,"href":"https:\/\/injectoare-turbo.ro\/index.php?rest_route=\/wp\/v2\/pages\/1520\/revisions\/3355"}],"wp:attachment":[{"href":"https:\/\/injectoare-turbo.ro\/index.php?rest_route=%2Fwp%2Fv2%2Fmedia&parent=1520"}],"curies":[{"name":"wp","href":"https:\/\/api.w.org\/{rel}","templated":true}]}}